{"id":239007,"date":"2023-02-11T22:02:38","date_gmt":"2023-02-11T21:02:38","guid":{"rendered":"https:\/\/icdt-cidc.org\/?page_id=239007"},"modified":"2025-07-29T18:09:04","modified_gmt":"2025-07-29T17:09:04","slug":"areas-of-action","status":"publish","type":"page","link":"https:\/\/icdt-cidc.org\/fr\/about-us\/areas-of-action\/","title":{"rendered":"Axes d'intervention"},"content":{"rendered":"<p>Le CIDC investit toutes ses ressources pour stimuler, faciliter et am\u00e9liorer la dynamique du commerce dans les pays de la r\u00e9gion de l'OCI.<\/p>\n\n\n\n<p>Notre mission consiste \u00e0 faciliter les affaires, promouvoir le commerce, attirer et soutenir tous les investissements au sein des 57 pays de l'OCI.<\/p>\n\n\n\n<div style=\"height:25px;width:0px\" aria-hidden=\"true\" class=\"wp-block-spacer\"><\/div>\n\n\n\n<div class=\"wp-block-group is-layout-grid wp-container-core-group-is-layout-e7c6ae50 wp-block-group-is-layout-grid\">\n<div class=\"wp-block-group service-card is-vertical is-layout-flex wp-container-core-group-is-layout-8cf370e7 wp-block-group-is-layout-flex\">\n<div class=\"wp-block-group service-row is-nowrap is-layout-flex wp-container-core-group-is-layout-ad2f72ca wp-block-group-is-layout-flex\">\n<p class=\"service-icon has-large-font-size\">&#x1f4e6;<\/p>\n\n\n\n<div class=\"wp-block-group is-vertical is-layout-flex wp-container-core-group-is-layout-8cf370e7 wp-block-group-is-layout-flex\">\n<h3 class=\"wp-block-heading\">N\u00e9gociations Commerciales<\/h3>\n\n\n\n<ul class=\"wp-block-list\">\n<li>Conseiller et assister les \u00c9tats membres dans les transactions commerciales.<\/li>\n\n\n\n<li>Pr\u00e9parer et organiser les n\u00e9gociations intra-OCI.<\/li>\n<\/ul>\n\n\n\n<hr class=\"wp-block-separator has-alpha-channel-opacity\"\/>\n\n\n\n<div class=\"wp-block-buttons is-layout-flex wp-block-buttons-is-layout-flex\">\n<div class=\"wp-block-button\"><a class=\"wp-block-button__link has-small-font-size has-text-align-center has-custom-font-size wp-element-button\" href=\"https:\/\/icdt-cidc.org\/fr\/programs\/trade-facilitation\/\">Plus d'infos.<\/a><\/div>\n<\/div>\n<\/div>\n<\/div>\n<\/div>\n\n\n\n<div class=\"wp-block-group service-card is-vertical is-layout-flex wp-container-core-group-is-layout-8cf370e7 wp-block-group-is-layout-flex\">\n<div class=\"wp-block-group service-row is-nowrap is-layout-flex wp-container-core-group-is-layout-ad2f72ca wp-block-group-is-layout-flex\">\n<p class=\"service-icon has-large-font-size\">&#x1f4b9;<\/p>\n\n\n\n<div class=\"wp-block-group is-vertical is-layout-flex wp-container-core-group-is-layout-8cf370e7 wp-block-group-is-layout-flex\">\n<h3 class=\"wp-block-heading\">Promotion du Commerce<\/h3>\n\n\n\n<ul class=\"wp-block-list\">\n<li>l'organisation de foires institutionnelles, de salons sp\u00e9cialis\u00e9s, de forums d'investissement et de missions d'affaires.<\/li>\n\n\n\n<li>promouvoir les produits et services, permettre les transactions commerciales et \u00e9tablir des relations de partenariat.<\/li>\n<\/ul>\n\n\n\n<hr class=\"wp-block-separator has-alpha-channel-opacity\"\/>\n\n\n\n<div class=\"wp-block-buttons is-layout-flex wp-block-buttons-is-layout-flex\">\n<div class=\"wp-block-button\"><a class=\"wp-block-button__link has-small-font-size has-text-align-center has-custom-font-size wp-element-button\" href=\"https:\/\/icdt-cidc.org\/fr\/programs\/trade-and-investment-promotion\/\">Plus d'infos.<\/a><\/div>\n<\/div>\n<\/div>\n<\/div>\n<\/div>\n\n\n\n<div class=\"wp-block-group service-card is-vertical is-layout-flex wp-container-core-group-is-layout-8cf370e7 wp-block-group-is-layout-flex\">\n<div class=\"wp-block-group service-row is-nowrap is-layout-flex wp-container-core-group-is-layout-ad2f72ca wp-block-group-is-layout-flex\">\n<p class=\"service-icon has-large-font-size\">&#x1f9e0;<\/p>\n\n\n\n<div class=\"wp-block-group is-vertical is-layout-flex wp-container-core-group-is-layout-8cf370e7 wp-block-group-is-layout-flex\">\n<h3 class=\"wp-block-heading\">Intelligence \u00e9conomique<\/h3>\n\n\n\n<ul class=\"wp-block-list\">\n<li>Collecte et diffusion d'informations commerciales.<\/li>\n\n\n\n<li>Fournir des bases de donn\u00e9es commerciales, produire et \u00e9diter des bulletins d'information.<\/li>\n\n\n\n<li>Fournir aux Etats membres l'expertise du CIDC dans la mise en place de syst\u00e8mes de veille de documentaire, de centres d'information et de r\u00e9seaux d'information commerciale.<\/li>\n<\/ul>\n\n\n\n<hr class=\"wp-block-separator has-alpha-channel-opacity\"\/>\n\n\n\n<div class=\"wp-block-buttons is-layout-flex wp-block-buttons-is-layout-flex\">\n<div class=\"wp-block-button\"><a class=\"wp-block-button__link has-small-font-size has-text-align-center has-custom-font-size wp-element-button\" href=\"https:\/\/icdt-cidc.org\/fr\/programs\/business-intelligence-reports-and-studies\/\">Plus d'infos.<\/a><\/div>\n<\/div>\n<\/div>\n<\/div>\n<\/div>\n\n\n\n<div class=\"wp-block-group service-card is-vertical is-layout-flex wp-container-core-group-is-layout-8cf370e7 wp-block-group-is-layout-flex\">\n<div class=\"wp-block-group service-row is-nowrap is-layout-flex wp-container-core-group-is-layout-ad2f72ca wp-block-group-is-layout-flex\">\n<p class=\"service-icon has-large-font-size\">&#x1f91d;<\/p>\n\n\n\n<div class=\"wp-block-group is-vertical is-layout-flex wp-container-core-group-is-layout-8cf370e7 wp-block-group-is-layout-flex\">\n<h3 class=\"wp-block-heading\">Relations de partenariat<\/h3>\n\n\n\n<ul class=\"wp-block-list\">\n<li>Cr\u00e9er des partenariats cibl\u00e9s entre les hommes d'affaires des \u00c9tats membres de l'OCI ;<\/li>\n\n\n\n<li>Organiser des \u00e9v\u00e9nements (expositions, foires, s\u00e9minaires, avec une valeur ajout\u00e9e significative pour les \u00e9changes B2B<\/li>\n\n\n\n<li>Conseiller et aider les \u00c9tats membres \u00e0 cr\u00e9er et organiser des centres de promotion des exportations<\/li>\n\n\n\n<li>D\u00e9velopper des services de conseil et d'expertise aux diff\u00e9rents Etats membres dans le domaine de la promotion du commerce.<\/li>\n<\/ul>\n\n\n\n<hr class=\"wp-block-separator has-alpha-channel-opacity\"\/>\n\n\n\n<div class=\"wp-block-buttons is-layout-flex wp-block-buttons-is-layout-flex\">\n<div class=\"wp-block-button\"><a class=\"wp-block-button__link has-small-font-size has-text-align-center has-custom-font-size wp-element-button\" href=\"https:\/\/icdt-cidc.org\/fr\/programs\/trade-and-investment-promotion\/\">Plus d'infos.<\/a><\/div>\n<\/div>\n<\/div>\n<\/div>\n<\/div>\n\n\n\n<div class=\"wp-block-group service-card is-vertical is-layout-flex wp-container-core-group-is-layout-8cf370e7 wp-block-group-is-layout-flex\">\n<div class=\"wp-block-group service-row is-nowrap is-layout-flex wp-container-core-group-is-layout-ad2f72ca wp-block-group-is-layout-flex\">\n<p class=\"service-icon has-large-font-size\">&#x1f4da;<\/p>\n\n\n\n<div class=\"wp-block-group is-vertical is-layout-flex wp-container-core-group-is-layout-8cf370e7 wp-block-group-is-layout-flex\">\n<h3 class=\"wp-block-heading\">\u00c9tudes et recherches<\/h3>\n\n\n\n<ul class=\"wp-block-list\">\n<li>Publier un rapport annuel sur le commerce intra-OCI et l\u2019environnement des investissements<\/li>\n\n\n\n<li>R\u00e9aliser des \u00e9tudes de march\u00e9 et des \u00e9tudes sectorielles<\/li>\n\n\n\n<li>Explorer les voies et moyens de r\u00e9duire les barri\u00e8res au commerce entre les pays membres.<\/li>\n<\/ul>\n\n\n\n<hr class=\"wp-block-separator has-alpha-channel-opacity\"\/>\n\n\n\n<div class=\"wp-block-buttons is-layout-flex wp-block-buttons-is-layout-flex\">\n<div class=\"wp-block-button\"><a class=\"wp-block-button__link has-small-font-size has-text-align-center has-custom-font-size wp-element-button\" href=\"https:\/\/icdt-cidc.org\/fr\/programs\/business-intelligence-reports-and-studies\/\">Plus d'infos.<\/a><\/div>\n<\/div>\n<\/div>\n<\/div>\n<\/div>\n\n\n\n<div class=\"wp-block-group service-card is-vertical is-layout-flex wp-container-core-group-is-layout-8cf370e7 wp-block-group-is-layout-flex\">\n<div class=\"wp-block-group service-row is-nowrap is-layout-flex wp-container-core-group-is-layout-ad2f72ca wp-block-group-is-layout-flex\">\n<p class=\"service-icon has-large-font-size\">&#x1f4b0;<\/p>\n\n\n\n<div class=\"wp-block-group is-vertical is-layout-flex wp-container-core-group-is-layout-8cf370e7 wp-block-group-is-layout-flex\">\n<h3 class=\"wp-block-heading\">Promotion des investissements<\/h3>\n\n\n\n<ul class=\"wp-block-list\">\n<li>Stimuler et mettre en \u0153uvre les investissements intra-OCI.<\/li>\n\n\n\n<li>Attirer et promouvoir les investissements \u00e9trangers dans les Etats membres de l'OCI.<\/li>\n\n\n\n<li>Encourager et coordonner les partenariats entre les op\u00e9rateurs \u00e9conomiques dans la r\u00e9gion de l'OCI.<\/li>\n\n\n\n<li>Conseiller et soutenir les Etats membres en mati\u00e8re de commerce, d'exportations, d'investissements, etc.<\/li>\n<\/ul>\n\n\n\n<hr class=\"wp-block-separator has-alpha-channel-opacity\"\/>\n\n\n\n<div class=\"wp-block-buttons is-layout-flex wp-block-buttons-is-layout-flex\">\n<div class=\"wp-block-button\"><a class=\"wp-block-button__link has-small-font-size has-text-align-center has-custom-font-size wp-element-button\" href=\"https:\/\/icdt-cidc.org\/fr\/programs\/trade-and-investment-promotion\/\">Plus d'infos.<\/a><\/div>\n<\/div>\n<\/div>\n<\/div>\n<\/div>\n\n\n\n<div class=\"wp-block-group service-card is-vertical is-layout-flex wp-container-core-group-is-layout-8cf370e7 wp-block-group-is-layout-flex\">\n<div class=\"wp-block-group service-row is-nowrap is-layout-flex wp-container-core-group-is-layout-ad2f72ca wp-block-group-is-layout-flex\">\n<p class=\"service-icon has-large-font-size\">&#x1f393;<\/p>\n\n\n\n<div class=\"wp-block-group is-vertical is-layout-flex wp-container-core-group-is-layout-8cf370e7 wp-block-group-is-layout-flex\">\n<h3 class=\"wp-block-heading\">Formation, ateliers et s\u00e9minaires<\/h3>\n\n\n\n<ul class=\"wp-block-list\">\n<li>Organiser des ateliers et des programmes de formation ;<\/li>\n\n\n\n<li>Aider les Etats membres \u00e0 \u00e9tablir un groupe d'experts dans les diff\u00e9rents domaines du d\u00e9veloppement du commerce international.<\/li>\n<\/ul>\n\n\n\n<hr class=\"wp-block-separator has-alpha-channel-opacity\"\/>\n\n\n\n<div class=\"wp-block-buttons is-layout-flex wp-block-buttons-is-layout-flex\">\n<div class=\"wp-block-button\"><a class=\"wp-block-button__link has-small-font-size has-text-align-center has-custom-font-size wp-element-button\" href=\"https:\/\/icdt-cidc.org\/fr\/about-us\/icdts-events\/\">Plus d'infos.<\/a><\/div>\n<\/div>\n<\/div>\n<\/div>\n<\/div>\n<\/div>","protected":false},"excerpt":{"rendered":"<p>De la facilitation du commerce \u00e0 la promotion des investissements, le CIDC op\u00e8re \u00e0 plusieurs niveaux pour assurer la coop\u00e9ration intra-OCI<\/p>","protected":false},"author":49,"featured_media":0,"parent":239078,"menu_order":33,"comment_status":"closed","ping_status":"closed","template":"","meta":{"footnotes":""},"class_list":["post-239007","page","type-page","status-publish","hentry"],"_links":{"self":[{"href":"https:\/\/icdt-cidc.org\/fr\/wp-json\/wp\/v2\/pages\/239007","targetHints":{"allow":["GET"]}}],"collection":[{"href":"https:\/\/icdt-cidc.org\/fr\/wp-json\/wp\/v2\/pages"}],"about":[{"href":"https:\/\/icdt-cidc.org\/fr\/wp-json\/wp\/v2\/types\/page"}],"author":[{"embeddable":true,"href":"https:\/\/icdt-cidc.org\/fr\/wp-json\/wp\/v2\/users\/49"}],"replies":[{"embeddable":true,"href":"https:\/\/icdt-cidc.org\/fr\/wp-json\/wp\/v2\/comments?post=239007"}],"version-history":[{"count":0,"href":"https:\/\/icdt-cidc.org\/fr\/wp-json\/wp\/v2\/pages\/239007\/revisions"}],"up":[{"embeddable":true,"href":"https:\/\/icdt-cidc.org\/fr\/wp-json\/wp\/v2\/pages\/239078"}],"wp:attachment":[{"href":"https:\/\/icdt-cidc.org\/fr\/wp-json\/wp\/v2\/media?parent=239007"}],"curies":[{"name":"wp","href":"https:\/\/api.w.org\/{rel}","templated":true}]}}