{"id":239095,"date":"2023-02-12T10:51:54","date_gmt":"2023-02-12T09:51:54","guid":{"rendered":"https:\/\/icdt-cidc.org\/?page_id=239095"},"modified":"2025-11-05T14:08:03","modified_gmt":"2025-11-05T13:08:03","slug":"our-mission","status":"publish","type":"page","link":"https:\/\/icdt-cidc.org\/fr\/about-us\/our-mission\/","title":{"rendered":"Notre Mission"},"content":{"rendered":"<p>40 ans au service du commerce et de l'investissement intra-OCI.<\/p>\n\n\n\n<p>Le Centre Islamique pour le D\u00e9veloppement du Commerce (CIDC), cr\u00e9\u00e9 \u00e0 Casablanca en 1984, est l'organe subsidiaire de l'OCI charg\u00e9 de promouvoir le commerce et les investissements dans les pays de l'OCI.<\/p>\n\n\n\n<h2 class=\"wp-block-heading\">OIC in brief<\/h2>\n\n\n\n<p style=\"text-align: justify;\">\n  L'Organisation de la coop\u00e9ration islamique (OCI) est la deuxi\u00e8me plus grande organisation apr\u00e8s les Nations unies. Elle compte 57 \u00c9tats membres r\u00e9partis sur quatre continents. L'Organisation a \u00e9t\u00e9 cr\u00e9\u00e9e sur d\u00e9cision du sommet historique qui s'est tenu \u00e0 Rabat, Royaume du Maroc, le 12 Rajab 1389 Hijra (25 septembre 1969) \u00e0 la suite de l'incendie criminel de la mosqu\u00e9e Al-Aqsa dans la partie occup\u00e9e de J\u00e9rusalem.\n<\/p>\n\n\n\n\n<p>Pour plus de d\u00e9tails, veuillez consulter le lien suivant :&nbsp;<a href=\"https:\/\/oic-oci.org\/\" target=\"_blank\" rel=\"noreferrer noopener\">Organisation de la coop\u00e9ration islamique<\/a>.<\/p>\n\n\n\n<h2 class=\"wp-block-heading\">Objectives<\/h2>\n\n\n\n<div class=\"wp-block-group is-layout-grid wp-container-core-group-is-layout-6be84c55 wp-block-group-is-layout-grid\">\n<figure class=\"wp-block-image size-full wp-container-content-2155ee95\"><img loading=\"lazy\" decoding=\"async\" width=\"1576\" height=\"1080\" src=\"https:\/\/icdt-cidc.org\/wp-content\/uploads\/Objectives-1-To-encourage-regular-trade-exchanges-within-the-OIC-Region.jpeg\" alt=\"\" class=\"wp-image-247582\" srcset=\"https:\/\/icdt-cidc.org\/wp-content\/uploads\/Objectives-1-To-encourage-regular-trade-exchanges-within-the-OIC-Region.jpeg 1576w, https:\/\/icdt-cidc.org\/wp-content\/uploads\/Objectives-1-To-encourage-regular-trade-exchanges-within-the-OIC-Region-300x206.jpeg 300w, https:\/\/icdt-cidc.org\/wp-content\/uploads\/Objectives-1-To-encourage-regular-trade-exchanges-within-the-OIC-Region-18x12.jpeg 18w\" sizes=\"auto, (max-width: 1576px) 100vw, 1576px\" \/><\/figure>\n\n\n\n<figure class=\"wp-block-image size-full wp-container-content-2155ee95\"><img loading=\"lazy\" decoding=\"async\" width=\"1576\" height=\"1080\" src=\"https:\/\/icdt-cidc.org\/wp-content\/uploads\/Objectives-2-To-promote-investments-enabling-the-development-of-trade-flows-within-the-OIC-region.jpeg\" alt=\"\" class=\"wp-image-247581\" srcset=\"https:\/\/icdt-cidc.org\/wp-content\/uploads\/Objectives-2-To-promote-investments-enabling-the-development-of-trade-flows-within-the-OIC-region.jpeg 1576w, https:\/\/icdt-cidc.org\/wp-content\/uploads\/Objectives-2-To-promote-investments-enabling-the-development-of-trade-flows-within-the-OIC-region-300x206.jpeg 300w, https:\/\/icdt-cidc.org\/wp-content\/uploads\/Objectives-2-To-promote-investments-enabling-the-development-of-trade-flows-within-the-OIC-region-18x12.jpeg 18w\" sizes=\"auto, (max-width: 1576px) 100vw, 1576px\" \/><\/figure>\n\n\n\n<figure class=\"wp-block-image size-full\"><img loading=\"lazy\" decoding=\"async\" width=\"1576\" height=\"1080\" src=\"https:\/\/icdt-cidc.org\/wp-content\/uploads\/Objectives-3-To-contribute-to-the-promotion-of-products-and-services-of-Member-States-and-encourage-access-to-foreign-markets.jpeg\" alt=\"\" class=\"wp-image-247580\" srcset=\"https:\/\/icdt-cidc.org\/wp-content\/uploads\/Objectives-3-To-contribute-to-the-promotion-of-products-and-services-of-Member-States-and-encourage-access-to-foreign-markets.jpeg 1576w, https:\/\/icdt-cidc.org\/wp-content\/uploads\/Objectives-3-To-contribute-to-the-promotion-of-products-and-services-of-Member-States-and-encourage-access-to-foreign-markets-300x206.jpeg 300w, https:\/\/icdt-cidc.org\/wp-content\/uploads\/Objectives-3-To-contribute-to-the-promotion-of-products-and-services-of-Member-States-and-encourage-access-to-foreign-markets-18x12.jpeg 18w\" sizes=\"auto, (max-width: 1576px) 100vw, 1576px\" \/><\/figure>\n\n\n\n<figure class=\"wp-block-image size-full\"><img loading=\"lazy\" decoding=\"async\" width=\"1576\" height=\"1080\" src=\"https:\/\/icdt-cidc.org\/wp-content\/uploads\/Objectives-4-To-share-trade-information.jpeg\" alt=\"\" class=\"wp-image-247579\" srcset=\"https:\/\/icdt-cidc.org\/wp-content\/uploads\/Objectives-4-To-share-trade-information.jpeg 1576w, https:\/\/icdt-cidc.org\/wp-content\/uploads\/Objectives-4-To-share-trade-information-300x206.jpeg 300w, https:\/\/icdt-cidc.org\/wp-content\/uploads\/Objectives-4-To-share-trade-information-18x12.jpeg 18w\" sizes=\"auto, (max-width: 1576px) 100vw, 1576px\" \/><\/figure>\n\n\n\n<figure class=\"wp-block-image size-full\"><img loading=\"lazy\" decoding=\"async\" width=\"1576\" height=\"1080\" src=\"https:\/\/icdt-cidc.org\/wp-content\/uploads\/Objectives-5-To-assist-the-Member-States-in-the-field-of-trade-promotion-and-international-negotiations.jpeg\" alt=\"\" class=\"wp-image-247578\" srcset=\"https:\/\/icdt-cidc.org\/wp-content\/uploads\/Objectives-5-To-assist-the-Member-States-in-the-field-of-trade-promotion-and-international-negotiations.jpeg 1576w, https:\/\/icdt-cidc.org\/wp-content\/uploads\/Objectives-5-To-assist-the-Member-States-in-the-field-of-trade-promotion-and-international-negotiations-300x206.jpeg 300w, https:\/\/icdt-cidc.org\/wp-content\/uploads\/Objectives-5-To-assist-the-Member-States-in-the-field-of-trade-promotion-and-international-negotiations-18x12.jpeg 18w\" sizes=\"auto, (max-width: 1576px) 100vw, 1576px\" \/><\/figure>\n\n\n\n<figure class=\"wp-block-image size-full\"><img loading=\"lazy\" decoding=\"async\" width=\"1576\" height=\"1080\" src=\"https:\/\/icdt-cidc.org\/wp-content\/uploads\/Objectives-6-To-provide-assistance-to-OIC-enterprises-and-economic-operators.jpeg\" alt=\"\" class=\"wp-image-247577\" srcset=\"https:\/\/icdt-cidc.org\/wp-content\/uploads\/Objectives-6-To-provide-assistance-to-OIC-enterprises-and-economic-operators.jpeg 1576w, https:\/\/icdt-cidc.org\/wp-content\/uploads\/Objectives-6-To-provide-assistance-to-OIC-enterprises-and-economic-operators-300x206.jpeg 300w, https:\/\/icdt-cidc.org\/wp-content\/uploads\/Objectives-6-To-provide-assistance-to-OIC-enterprises-and-economic-operators-18x12.jpeg 18w\" sizes=\"auto, (max-width: 1576px) 100vw, 1576px\" \/><\/figure>\n<\/div>","protected":false},"excerpt":{"rendered":"<p>Le CIDC s'est engag\u00e9 \u00e0 d\u00e9velopper les opportunit\u00e9s de commerce et d'investissement dans la r\u00e9gion de l'OCI.<br \/>\nLa comp\u00e9titivit\u00e9 commerciale et le renforcement des \u00e9conomies de nos pays membres sont nos principaux moteurs.<\/p>","protected":false},"author":49,"featured_media":0,"parent":239078,"menu_order":31,"comment_status":"closed","ping_status":"closed","template":"","meta":{"footnotes":""},"class_list":["post-239095","page","type-page","status-publish","hentry"],"_links":{"self":[{"href":"https:\/\/icdt-cidc.org\/fr\/wp-json\/wp\/v2\/pages\/239095","targetHints":{"allow":["GET"]}}],"collection":[{"href":"https:\/\/icdt-cidc.org\/fr\/wp-json\/wp\/v2\/pages"}],"about":[{"href":"https:\/\/icdt-cidc.org\/fr\/wp-json\/wp\/v2\/types\/page"}],"author":[{"embeddable":true,"href":"https:\/\/icdt-cidc.org\/fr\/wp-json\/wp\/v2\/users\/49"}],"replies":[{"embeddable":true,"href":"https:\/\/icdt-cidc.org\/fr\/wp-json\/wp\/v2\/comments?post=239095"}],"version-history":[{"count":0,"href":"https:\/\/icdt-cidc.org\/fr\/wp-json\/wp\/v2\/pages\/239095\/revisions"}],"up":[{"embeddable":true,"href":"https:\/\/icdt-cidc.org\/fr\/wp-json\/wp\/v2\/pages\/239078"}],"wp:attachment":[{"href":"https:\/\/icdt-cidc.org\/fr\/wp-json\/wp\/v2\/media?parent=239095"}],"curies":[{"name":"wp","href":"https:\/\/api.w.org\/{rel}","templated":true}]}}