{"id":239113,"date":"2023-02-12T11:20:11","date_gmt":"2023-02-12T10:20:11","guid":{"rendered":"https:\/\/icdt-cidc.org\/?page_id=239113"},"modified":"2025-07-29T19:20:19","modified_gmt":"2025-07-29T18:20:19","slug":"leadership-and-governance","status":"publish","type":"page","link":"https:\/\/icdt-cidc.org\/fr\/about-us\/leadership-and-governance\/","title":{"rendered":"leadership et Gouvernance"},"content":{"rendered":"<h2 class=\"wp-block-heading\">Biographie de la Directrice G\u00e9n\u00e9rale:<\/h2>\n\n\n\n<div class=\"wp-block-columns is-layout-flex wp-container-core-columns-is-layout-9d6595d7 wp-block-columns-is-layout-flex\">\n<div class=\"wp-block-column is-layout-flow wp-block-column-is-layout-flow\" style=\"flex-basis:25%\">\n<figure class=\"wp-block-image size-full\"><img loading=\"lazy\" decoding=\"async\" width=\"363\" height=\"630\" src=\"https:\/\/icdt-cidc.org\/wp-content\/uploads\/Photo_DG_ICDT_Web_bis_fr.jpg\" alt=\"\" class=\"wp-image-242599\" srcset=\"https:\/\/icdt-cidc.org\/wp-content\/uploads\/Photo_DG_ICDT_Web_bis_fr.jpg 363w, https:\/\/icdt-cidc.org\/wp-content\/uploads\/Photo_DG_ICDT_Web_bis_fr-300x521.jpg 300w, https:\/\/icdt-cidc.org\/wp-content\/uploads\/Photo_DG_ICDT_Web_bis_fr-7x12.jpg 7w\" sizes=\"auto, (max-width: 363px) 100vw, 363px\" \/><\/figure>\n<\/div>\n\n\n\n<div class=\"wp-block-column is-layout-flow wp-block-column-is-layout-flow\" style=\"flex-basis:75%\">\n<p class=\"has-medium-font-size\">Mme Latifa El Bouabdellaoui est la sixi\u00e8me Directrice G\u00e9n\u00e9rale du Centre Islamique pour le D\u00e9veloppement du Commerce (CIDC). Elle a pris ses fonctions le 1er f\u00e9vrier 2020.<\/p>\n\n\n\n<p>Avant sa nomination, Mme Latifa El Bouabdellaoui a occup\u00e9 le poste de Directrice des relations commerciales internationales au Minist\u00e8re de l'industrie, du commerce et de l'\u00e9conomie verte et num\u00e9rique du Royaume du Maroc d'avril 2013 \u00e0 f\u00e9vrier 2020. Son parcours au sein de ce minist\u00e8re a \u00e9t\u00e9 fortement marqu\u00e9 par sa participation active \u00e0 la d\u00e9finition et \u00e0 la mise en \u0153uvre de la strat\u00e9gie nationale du commerce international. Elle a \u00e9t\u00e9 la n\u00e9gociatrice en chef du Royaume du Maroc pour plusieurs Accords de Partenariat Economique, notamment l'Accord avec l'Union Europ\u00e9enne et l'Accord sur l'AfCFTA.<\/p>\n\n\n\n<p>De 2009 \u00e0 2013, Mme Latifa El Bouabdellaoui a \u00e9t\u00e9 respectivement chef du d\u00e9partement des industries m\u00e9caniques et m\u00e9tallurgiques et du d\u00e9partement de l'offshoring au minist\u00e8re de l'industrie, du commerce et des nouvelles technologies. Elle a contribu\u00e9 \u00e0 l'\u00e9laboration de la strat\u00e9gie industrielle du pays et au suivi des grands projets d'investissement, ainsi qu'\u00e0 la promotion des relations de coop\u00e9ration entre le Maroc et ses partenaires \u00e9trangers, y compris les organisations internationales et r\u00e9gionales charg\u00e9es des affaires commerciales et industrielles.<\/p>\n\n\n\n<p>Depuis qu'elle a rejoint le CIDC, elle travaille sur la promotion et la facilitation du commerce et de l'investissement dans la r\u00e9gion de l'OCI et s'efforce de fournir aux acteurs priv\u00e9s et aux institutions op\u00e9rant dans le domaine du commerce et de l'investissement dans les \u00c9tats membres de l'OCI une proposition de valeur qui leur permettrait de mettre leurs capacit\u00e9s au niveau des normes internationales et de faciliter leur acc\u00e8s aux march\u00e9s mondiaux du commerce et de l'investissement. De m\u00eame, elle ne m\u00e9nage aucun effort pour soutenir les 57 \u00c9tats membres de l'OCI en leur fournissant les programmes et les outils n\u00e9cessaires \u00e0 leur d\u00e9veloppement, en partenariat avec les parties prenantes r\u00e9gionales et internationales.<\/p>\n\n\n\n<p>Mme El Bouabdellaoui mise sur l'innovation et les nouvelles technologies pour promouvoir le CIDC en tant qu'institution de r\u00e9f\u00e9rence dans le domaine de la promotion du commerce et de l'investissement dans la r\u00e9gion de l'OCI.<\/p>\n<\/div>\n<\/div>","protected":false},"excerpt":{"rendered":"<p>Le CIDC b\u00e9n\u00e9ficie d'une vaste exp\u00e9rience et expertise  dans la gestion de facilitation du commerce et de promotion des investissements.<\/p>","protected":false},"author":49,"featured_media":0,"parent":239078,"menu_order":30,"comment_status":"closed","ping_status":"closed","template":"","meta":{"footnotes":""},"class_list":["post-239113","page","type-page","status-publish","hentry"],"_links":{"self":[{"href":"https:\/\/icdt-cidc.org\/fr\/wp-json\/wp\/v2\/pages\/239113","targetHints":{"allow":["GET"]}}],"collection":[{"href":"https:\/\/icdt-cidc.org\/fr\/wp-json\/wp\/v2\/pages"}],"about":[{"href":"https:\/\/icdt-cidc.org\/fr\/wp-json\/wp\/v2\/types\/page"}],"author":[{"embeddable":true,"href":"https:\/\/icdt-cidc.org\/fr\/wp-json\/wp\/v2\/users\/49"}],"replies":[{"embeddable":true,"href":"https:\/\/icdt-cidc.org\/fr\/wp-json\/wp\/v2\/comments?post=239113"}],"version-history":[{"count":0,"href":"https:\/\/icdt-cidc.org\/fr\/wp-json\/wp\/v2\/pages\/239113\/revisions"}],"up":[{"embeddable":true,"href":"https:\/\/icdt-cidc.org\/fr\/wp-json\/wp\/v2\/pages\/239078"}],"wp:attachment":[{"href":"https:\/\/icdt-cidc.org\/fr\/wp-json\/wp\/v2\/media?parent=239113"}],"curies":[{"name":"wp","href":"https:\/\/api.w.org\/{rel}","templated":true}]}}