{"id":239134,"date":"2023-02-12T12:20:25","date_gmt":"2023-02-12T11:20:25","guid":{"rendered":"https:\/\/icdt-cidc.org\/?page_id=239134"},"modified":"2025-10-27T11:48:35","modified_gmt":"2025-10-27T10:48:35","slug":"members-of-the-board-of-directors","status":"publish","type":"page","link":"https:\/\/icdt-cidc.org\/fr\/about-us\/members-of-the-board-of-directors\/","title":{"rendered":"Membres du conseil d'administration"},"content":{"rendered":"<p>Le conseil d'administration est compos\u00e9 de 9 Etats Membres, dont le pays h\u00f4te, \u00e9lus pour une p\u00e9riode de trois (3) ans, renouvelable une seule fois, selon un principe \u00e9quitable de r\u00e9partition g\u00e9ographique.<\/p>\n\n\n\n<p>Le Conseil d'Administration se r\u00e9unira au moins une fois par an et formulera les politiques et les programmes et assurera la supervision technique des activit\u00e9s du Centre<\/p>\n\n\n\n<p>Le Directeur G\u00e9n\u00e9ral est nomm\u00e9 par le secr\u00e9taire g\u00e9n\u00e9ral sur la base de la liste des candidats pr\u00e9sent\u00e9e par les \u00c9tats membres, en consultation avec le conseil d'administration et le pays o\u00f9 se situe le si\u00e8ge, pour une p\u00e9riode de quatre ans renouvelable une seule fois.<\/p>\n\n\n\n<p>Le Directeur G\u00e9n\u00e9ral supervise la gestion des projets et des activit\u00e9s du Centre ainsi que la mise en \u0153uvre du programme d'activit\u00e9s dans le respect des dispositions du pr\u00e9sent statut, du r\u00e8glement int\u00e9rieur et des autres dispositions r\u00e9glementaires.<\/p>\n\n\n\n<h2 class=\"wp-block-heading\">Les membres du Conseil d'Administration pour la p\u00e9riode de 2025 \u00e0 2027 sont :<\/h2>\n\n\n\n<ul class=\"wp-block-list\">\n<li><img decoding=\"async\" draggable=\"false\" role=\"img\" class=\"emoji\" alt=\"????????\" src=\"https:\/\/s.w.org\/images\/core\/emoji\/16.0.1\/svg\/1f1f8-1f1e6.svg\"> Royaume d'ARABIE SAOUDITE<\/li>\n\n\n\n<li><img decoding=\"async\" draggable=\"false\" role=\"img\" class=\"emoji\" alt=\"????????\" src=\"https:\/\/s.w.org\/images\/core\/emoji\/16.0.1\/svg\/1f1e7-1f1e9.svg\"> R\u00e9publique populaire du BANGLADESH<\/li>\n\n\n\n<li><img decoding=\"async\" draggable=\"false\" role=\"img\" class=\"emoji\" alt=\"????????\" src=\"https:\/\/s.w.org\/images\/core\/emoji\/16.0.1\/svg\/1f1e8-1f1f2.svg\"> R\u00e9publique du CAMEROUN<\/li>\n\n\n\n<li><img decoding=\"async\" draggable=\"false\" role=\"img\" class=\"emoji\" alt=\"????????\" src=\"https:\/\/s.w.org\/images\/core\/emoji\/16.0.1\/svg\/1f1f0-1f1fc.svg\"> Etat du Koweit<\/li>\n\n\n\n<li><img decoding=\"async\" draggable=\"false\" role=\"img\" class=\"emoji\" alt=\"????????\" src=\"https:\/\/s.w.org\/images\/core\/emoji\/16.0.1\/svg\/1f1f2-1f1e6.svg\"> Royaume du MAROC<\/li>\n\n\n\n<li><img decoding=\"async\" draggable=\"false\" role=\"img\" class=\"emoji\" alt=\"????????\" src=\"https:\/\/s.w.org\/images\/core\/emoji\/16.0.1\/svg\/1f1f2-1f1fe.svg\"> Malaisie<\/li>\n\n\n\n<li><img decoding=\"async\" draggable=\"false\" role=\"img\" class=\"emoji\" alt=\"????????\" src=\"https:\/\/s.w.org\/images\/core\/emoji\/16.0.1\/svg\/1f1f2-1f1f1.svg\"> R\u00e9publique du Mali<\/li>\n\n\n\n<li><img decoding=\"async\" draggable=\"false\" role=\"img\" class=\"emoji\" alt=\"????????\" src=\"https:\/\/s.w.org\/images\/core\/emoji\/16.0.1\/svg\/1f1fa-1f1ec.svg\"> R\u00e9publique de l'Ouganda<\/li>\n\n\n\n<li><img decoding=\"async\" draggable=\"false\" role=\"img\" class=\"emoji\" alt=\"????????\" src=\"https:\/\/s.w.org\/images\/core\/emoji\/16.0.1\/svg\/1f1f9-1f1f7.svg\"> R\u00e9publique de T\u00fcrkiye<\/li>\n<\/ul>","protected":false},"excerpt":{"rendered":"<p>\u00c9lu parmi les \u00c9tats membres, le conseil d'administration d\u00e9finit les orientations programmatiques et assure la supervision technique des activit\u00e9s du Centre.<\/p>","protected":false},"author":49,"featured_media":0,"parent":239078,"menu_order":29,"comment_status":"closed","ping_status":"closed","template":"","meta":{"footnotes":""},"class_list":["post-239134","page","type-page","status-publish","hentry"],"_links":{"self":[{"href":"https:\/\/icdt-cidc.org\/fr\/wp-json\/wp\/v2\/pages\/239134","targetHints":{"allow":["GET"]}}],"collection":[{"href":"https:\/\/icdt-cidc.org\/fr\/wp-json\/wp\/v2\/pages"}],"about":[{"href":"https:\/\/icdt-cidc.org\/fr\/wp-json\/wp\/v2\/types\/page"}],"author":[{"embeddable":true,"href":"https:\/\/icdt-cidc.org\/fr\/wp-json\/wp\/v2\/users\/49"}],"replies":[{"embeddable":true,"href":"https:\/\/icdt-cidc.org\/fr\/wp-json\/wp\/v2\/comments?post=239134"}],"version-history":[{"count":0,"href":"https:\/\/icdt-cidc.org\/fr\/wp-json\/wp\/v2\/pages\/239134\/revisions"}],"up":[{"embeddable":true,"href":"https:\/\/icdt-cidc.org\/fr\/wp-json\/wp\/v2\/pages\/239078"}],"wp:attachment":[{"href":"https:\/\/icdt-cidc.org\/fr\/wp-json\/wp\/v2\/media?parent=239134"}],"curies":[{"name":"wp","href":"https:\/\/api.w.org\/{rel}","templated":true}]}}