{"id":239267,"date":"2023-02-12T21:36:58","date_gmt":"2023-02-12T20:36:58","guid":{"rendered":"https:\/\/icdt-cidc.org\/?page_id=239267"},"modified":"2025-07-30T19:52:27","modified_gmt":"2025-07-30T18:52:27","slug":"member-states-map","status":"publish","type":"page","link":"https:\/\/icdt-cidc.org\/fr\/member-states-map\/","title":{"rendered":"Carte des 57 Etats Membres de l'OCI"},"content":{"rendered":" <!-- start Fla-shop.com HTML5 Map --> <div class='worldcountriesHtml5Mapbottom htmlMapResponsive' style='max-width:1700px'><div id='worldcountries-html5-map-map-container_0' class='worldcountriesHtml5MapContainer' data-map-variable='worldcountrieshtml5map_map_0'><\/div><div style='clear:both; height: 20px;'><\/div> <style> #worldcountries-html5-map-map-container_0 { } #worldcountries-html5-map-map-container_0 .fm-tooltip-name { color: #000000; font-size: 20px; } #worldcountries-html5-map-map-container_0 .fm-tooltip-comment { } #worldcountries-html5-map-map-container_0 .fm-tooltip-comment p { } @media only screen and (max-width: 480px) { #worldcountries-html5-map-map-container_0 { float: none; width: 100%; } } <\/style><script type=\"text\/javascript\"> jQuery(function(){ var hightlighted = null; worldcountrieshtml5map_map_0 = new FlaShopWorldMap(worldcountrieshtml5map_map_cfg_0); worldcountrieshtml5map_map_0.draw('worldcountries-html5-map-map-container_0'); worldcountrieshtml5map_map_0.on('mousein', function(ev, sid, map) { if (hightlighted && sid != hightlighted) { map.stateHighlightOut(hightlighted); hightlighted = null; } }); (function (map, containerId, mapId) { var urlsMap = { \"afghanistan\": \"\/countries\/afghanistan\/\", \"albania\": \"\/countries\/albania\/\", \"algeria\": \"\/countries\/algeria\/\", \"azerbaijan\": \"\/countries\/azerbaijan\/\", \"bahrain\": \"\/countries\/bahrain\/\", \"bangladesh\": \"\/countries\/bangladesh\/\", \"benin\": \"\/countries\/benin\/\", \"brunei\": \"\/countries\/brunei\/\", \"burkina-faso\": \"\/countries\/burkina-faso\/\", \"cameroon\": \"\/countries\/cameroon\/\", \"chad\": \"\/countries\/chad\/\", \"comoros\": \"\/countries\/comoros\/\", \"cote-divoire\": \"\/countries\/cote-divoire\/\", \"djibouti\": \"\/countries\/djibouti\/\", \"egypt\": \"\/countries\/egypt\/\", \"emirates\": \"\/countries\/emirates\/\", \"gabon\": \"\/countries\/gabon\/\", \"gambia\": \"\/countries\/gambia\/\", \"guinea\": \"\/countries\/guinea\/\", \"guinea-bissau\": \"\/countries\/guinea-bissau\/\", \"guyane\": \"\/countries\/guyane\/\", \"indonesia\": \"\/countries\/indonesia\/\", \"iran\": \"\/countries\/iran\/\", \"iraq\": \"\/countries\/iraq\/\", \"jordan\": \"\/countries\/jordan\/\", \"kazakhstan\": \"\/countries\/kazakhstan\/\", \"kuwait\": \"\/countries\/kuwait\/\", \"kyrgyz-republic\": \"\/countries\/kyrgyz-republic\/\", \"lebanon\": \"\/countries\/lebanon\/\", \"libya\": \"\/countries\/libya\/\", \"malaysia\": \"\/countries\/malaysia\/\", \"maldives\": \"\/countries\/maldives\/\", \"mali\": \"\/countries\/mali\/\", \"mauritania\": \"\/countries\/mauritania\/\", \"morocco\": \"\/countries\/morocco\/\", \"mozambique\": \"\/countries\/mozambique\/\", \"niger\": \"\/countries\/niger\/\", \"nigeria\": \"\/countries\/nigeria\/\", \"oman\": \"\/countries\/oman\/\", \"pakistan\": \"\/countries\/pakistan\/\", \"palestine\": \"\/countries\/palestine\/\", \"qatar\": \"\/countries\/qatar\/\", \"saudi-arabia\": \"\/countries\/saudi-arabia\/\", \"senegal\": \"\/countries\/senegal\/\", \"sierra-leone\": \"\/countries\/sierra-leone\/\", \"somalia\": \"\/countries\/somalia\/\", \"sudan\": \"\/countries\/sudan\/\", \"suriname\": \"\/countries\/suriname\/\", \"syria\": \"\/countries\/syria\/\", \"tajikistan\": \"\/countries\/tajikistan\/\", \"togo\": \"\/countries\/togo\/\", \"tunisia\": \"\/countries\/tunisia\/\", \"turkey\": \"\/countries\/turkey\/\", \"turkmenistan\": \"\/countries\/turkmenistan\/\", \"uganda\": \"\/countries\/uganda\/\", \"uzbekistan\": \"\/countries\/uzbekistan\/\", \"yemen\": \"\/countries\/yemen\/\" }; map.on('click', function (event, sid, map) { var url = false, classes = map.fetchStateAttr(sid, 'class'); if (!classes) return; classes = classes.split(\/\\s+\/); for (var i = 0; i < classes.length; i++) { if (urlsMap[classes[i]]) { url = urlsMap[classes[i]] + \"?Origine=map&dp_action=dfg_popup_fetch&popup_template=default&_wpnonce=ed7eef38df\"; break; } } if (!url) return; jQuery.fancybox(jQuery.extend( {}, { 'type': 'iframe', 'width': '99%', 'height': '99%', 'padding': 0, 'titleShow': false, 'titlePosition': 'float', 'titleFromAlt': true, 'allowfullscreen': true, 'href': url } )); }); })(worldcountrieshtml5map_map_0, 'worldcountries-html5-map-map-container_0', 0); var html5map_onclick = function(ev, sid, map) { var cfg = worldcountrieshtml5map_map_cfg_0; var link = map.fetchStateAttr(sid, 'link'); var is_group = map.fetchStateAttr(sid, 'group'); var popup_id = map.fetchStateAttr(sid, 'popup-id'); var is_group_info = false; if (typeof cfg.map_data[sid] !== 'undefined') jQuery('#worldcountries-html5-map-selector_0').val(sid); else jQuery('#worldcountries-html5-map-selector_0').val(''); if (is_group==undefined) { if (sid.substr(0,1)=='p') { popup_id = map.fetchPointAttr(sid, 'popup_id'); link = map.fetchPointAttr(sid, 'link'); } } else if (typeof cfg.groups[is_group]['ignore_link'] == 'undefined' || ! cfg.groups[is_group].ignore_link) { link = cfg.groups[is_group].link; popup_id = cfg.groups[is_group]['popup_id']; is_group_info = true; } if (link=='#popup') { if (typeof SG_POPUP_DATA == \"object\") { if (popup_id in SG_POPUP_DATA) { SGPopup.prototype.showPopup(popup_id,false); } else { jQuery.ajax({ type: 'POST', url: 'https:\/\/icdt-cidc.org\/index.php?map_id=0&worldcountrieshtml5map_get_popup', data: {popup_id:popup_id}, }).done(function(data) { jQuery('body').append(data); SGPopup.prototype.showPopup(popup_id,false); }); } } else if (typeof SGPBPopup == \"function\") { var popup = SGPBPopup.createPopupObjById(popup_id); popup.prepareOpen(); popup.open(); } return false; } if (link == '#info') { var id = is_group_info ? is_group : (sid.substr(0,1)=='p' ? sid : map.fetchStateAttr(sid, 'id')); jQuery('#worldcountries-html5-map-state-info_0').html('Chargement en cours'); jQuery.ajax({ type: 'POST', url: (is_group_info ? 'https:\/\/icdt-cidc.org\/index.php?map_id=0&worldcountrieshtml5map_get_group_info=' : 'https:\/\/icdt-cidc.org\/index.php?map_id=0&worldcountrieshtml5map_get_state_info=') + id, success: function(data, textStatus, jqXHR){ jQuery('#worldcountries-html5-map-state-info_0').html(data); }, dataType: 'text' }); return false; } if (ev===null && link!='') { if (!jQuery('.html5dummilink').length) { jQuery('body').append('<a href=\"#\" class=\"html5dummilink\" style=\"display:none\"><\/a>'); } jQuery('.html5dummilink').attr('href',link).attr('target',(map.fetchStateAttr(sid, 'isNewWindow') ? '_blank' : '_self'))[0].click(); } }; worldcountrieshtml5map_map_0.on('click',html5map_onclick); }); <\/script><div id='worldcountries-html5-map-state-info_0' class='worldcountriesHtml5MapStateInfo'><\/div> <\/div> <div style='clear: both'><\/div> <!-- end HTML5 Map --> \n","protected":false},"excerpt":{"rendered":"<p>Notre objectif est de vous guider et de vous aider \u00e0 mieux comprendre les diff\u00e9rents environnements r\u00e9glementaires et transformationnels des \u00e9conomies et les enjeux de comp\u00e9titivit\u00e9 de chaque pays de la zone OCI.<\/p>","protected":false},"author":49,"featured_media":0,"parent":0,"menu_order":34,"comment_status":"closed","ping_status":"closed","template":"","meta":{"footnotes":""},"class_list":["post-239267","page","type-page","status-publish","hentry"],"_links":{"self":[{"href":"https:\/\/icdt-cidc.org\/fr\/wp-json\/wp\/v2\/pages\/239267","targetHints":{"allow":["GET"]}}],"collection":[{"href":"https:\/\/icdt-cidc.org\/fr\/wp-json\/wp\/v2\/pages"}],"about":[{"href":"https:\/\/icdt-cidc.org\/fr\/wp-json\/wp\/v2\/types\/page"}],"author":[{"embeddable":true,"href":"https:\/\/icdt-cidc.org\/fr\/wp-json\/wp\/v2\/users\/49"}],"replies":[{"embeddable":true,"href":"https:\/\/icdt-cidc.org\/fr\/wp-json\/wp\/v2\/comments?post=239267"}],"version-history":[{"count":0,"href":"https:\/\/icdt-cidc.org\/fr\/wp-json\/wp\/v2\/pages\/239267\/revisions"}],"wp:attachment":[{"href":"https:\/\/icdt-cidc.org\/fr\/wp-json\/wp\/v2\/media?parent=239267"}],"curies":[{"name":"wp","href":"https:\/\/api.w.org\/{rel}","templated":true}]}}