{"id":240736,"date":"2023-02-23T21:11:23","date_gmt":"2023-02-23T20:11:23","guid":{"rendered":"https:\/\/icdt-cidc.org\/?page_id=240736"},"modified":"2025-07-31T18:11:11","modified_gmt":"2025-07-31T17:11:11","slug":"member-states-business-ecosystem","status":"publish","type":"page","link":"https:\/\/icdt-cidc.org\/fr\/doing-business\/member-states-business-ecosystem\/","title":{"rendered":"Etats Membres; Business Ecosystem"},"content":{"rendered":"<p>Le CIDC a d\u00e9velopp\u00e9 ses capacit\u00e9s de recherche d'informations et de construction de connaissances pour les investisseurs et les chefs d'entreprise. Notre objectif est de vous guider et de vous aider \u00e0 mieux comprendre les diff\u00e9rents environnements r\u00e9glementaires et transformationnels des \u00e9conomies et les enjeux de comp\u00e9titivit\u00e9 de chaque pays de la zone OCI.<\/p>","protected":false},"excerpt":{"rendered":"<p>Le CIDC a d\u00e9velopp\u00e9 ses capacit\u00e9s de recherche d'informations et d'acquisition de connaissances pour les investisseurs et les chefs d'entreprise.<\/p>","protected":false},"author":49,"featured_media":0,"parent":239366,"menu_order":6,"comment_status":"closed","ping_status":"closed","template":"countries.php","meta":{"footnotes":""},"class_list":["post-240736","page","type-page","status-publish","hentry"],"_links":{"self":[{"href":"https:\/\/icdt-cidc.org\/fr\/wp-json\/wp\/v2\/pages\/240736","targetHints":{"allow":["GET"]}}],"collection":[{"href":"https:\/\/icdt-cidc.org\/fr\/wp-json\/wp\/v2\/pages"}],"about":[{"href":"https:\/\/icdt-cidc.org\/fr\/wp-json\/wp\/v2\/types\/page"}],"author":[{"embeddable":true,"href":"https:\/\/icdt-cidc.org\/fr\/wp-json\/wp\/v2\/users\/49"}],"replies":[{"embeddable":true,"href":"https:\/\/icdt-cidc.org\/fr\/wp-json\/wp\/v2\/comments?post=240736"}],"version-history":[{"count":0,"href":"https:\/\/icdt-cidc.org\/fr\/wp-json\/wp\/v2\/pages\/240736\/revisions"}],"up":[{"embeddable":true,"href":"https:\/\/icdt-cidc.org\/fr\/wp-json\/wp\/v2\/pages\/239366"}],"wp:attachment":[{"href":"https:\/\/icdt-cidc.org\/fr\/wp-json\/wp\/v2\/media?parent=240736"}],"curies":[{"name":"wp","href":"https:\/\/api.w.org\/{rel}","templated":true}]}}