{"id":242283,"date":"2023-03-09T17:05:26","date_gmt":"2023-03-09T16:05:26","guid":{"rendered":"https:\/\/icdt-cidc.org\/?page_id=242283"},"modified":"2025-07-31T12:32:48","modified_gmt":"2025-07-31T11:32:48","slug":"icdts-news","status":"publish","type":"page","link":"https:\/\/icdt-cidc.org\/fr\/about-us\/icdts-news\/","title":{"rendered":"Actualit\u00e9s du CIDC"},"content":{"rendered":"<p>(page g\u00e9r\u00e9e automatiquement dans le code)<\/p>","protected":false},"excerpt":{"rendered":"<p>Restez informer de nos activit\u00e9s et initiatives dans la zone OCI.<\/p>","protected":false},"author":49,"featured_media":0,"parent":239078,"menu_order":3,"comment_status":"closed","ping_status":"closed","template":"news.php","meta":{"footnotes":""},"class_list":["post-242283","page","type-page","status-publish","hentry"],"_links":{"self":[{"href":"https:\/\/icdt-cidc.org\/fr\/wp-json\/wp\/v2\/pages\/242283","targetHints":{"allow":["GET"]}}],"collection":[{"href":"https:\/\/icdt-cidc.org\/fr\/wp-json\/wp\/v2\/pages"}],"about":[{"href":"https:\/\/icdt-cidc.org\/fr\/wp-json\/wp\/v2\/types\/page"}],"author":[{"embeddable":true,"href":"https:\/\/icdt-cidc.org\/fr\/wp-json\/wp\/v2\/users\/49"}],"replies":[{"embeddable":true,"href":"https:\/\/icdt-cidc.org\/fr\/wp-json\/wp\/v2\/comments?post=242283"}],"version-history":[{"count":0,"href":"https:\/\/icdt-cidc.org\/fr\/wp-json\/wp\/v2\/pages\/242283\/revisions"}],"up":[{"embeddable":true,"href":"https:\/\/icdt-cidc.org\/fr\/wp-json\/wp\/v2\/pages\/239078"}],"wp:attachment":[{"href":"https:\/\/icdt-cidc.org\/fr\/wp-json\/wp\/v2\/media?parent=242283"}],"curies":[{"name":"wp","href":"https:\/\/api.w.org\/{rel}","templated":true}]}}