{"id":242301,"date":"2023-03-09T18:27:49","date_gmt":"2023-03-09T17:27:49","guid":{"rendered":"https:\/\/icdt-cidc.org\/?page_id=242301"},"modified":"2026-03-06T11:54:53","modified_gmt":"2026-03-06T11:54:53","slug":"icdts-events","status":"publish","type":"page","link":"https:\/\/icdt-cidc.org\/fr\/about-us\/icdts-events\/","title":{"rendered":"\u00c9v\u00e9nements du CIDC"},"content":{"rendered":"<div class=\"wp-block-group is-layout-grid wp-container-core-group-is-layout-78c6ece7 wp-block-group-is-layout-grid\">\n<div class=\"wp-block-group p-6 border border-gray-200 rounded-lg\"><div class=\"wp-block-group__inner-container is-layout-constrained wp-block-group-is-layout-constrained\">\n<div class=\"wp-block-group is-nowrap is-layout-flex wp-container-core-group-is-layout-ad2f72ca wp-block-group-is-layout-flex\">\n<pre class=\"wp-block-preformatted has-x-large-font-size\">\ud83c\uddf2\ud83c\udde6<\/pre>\n\n\n\n<div style=\"height:100px;width:0px\" aria-hidden=\"true\" class=\"wp-block-spacer wp-container-content-b0b89ccb\"><\/div>\n\n\n\n<div class=\"wp-block-group is-vertical is-layout-flex wp-container-core-group-is-layout-8cf370e7 wp-block-group-is-layout-flex\">\n<p class=\"bg-primary text-white px-3 py-1 rounded-full text-sm font-medium\">8-9 Jan. 2026<\/p>\n\n\n\n<h3 class=\"wp-block-heading text-lg font-semibold text-gray-800 mb-1\">43\u00e8me session ordinaire du conseil d'administration du CIDC<\/h3>\n\n\n\n<p class=\"text-gray-600\">Casablanca, Maroc<\/p>\n<\/div>\n<\/div>\n<\/div><\/div>\n\n\n\n<div class=\"wp-block-group p-6 border border-gray-200 rounded-lg\"><div class=\"wp-block-group__inner-container is-layout-constrained wp-block-group-is-layout-constrained\">\n<div class=\"wp-block-group is-nowrap is-layout-flex wp-container-core-group-is-layout-ad2f72ca wp-block-group-is-layout-flex\">\n<pre class=\"wp-block-preformatted has-x-large-font-size\">\ud83c\uddf2\ud83c\udde6<\/pre>\n\n\n\n<div style=\"height:100px;width:0px\" aria-hidden=\"true\" class=\"wp-block-spacer wp-container-content-b0b89ccb\"><\/div>\n\n\n\n<div class=\"wp-block-group is-vertical is-layout-flex wp-container-core-group-is-layout-8cf370e7 wp-block-group-is-layout-flex\">\n<p class=\"bg-primary text-white px-3 py-1 rounded-full text-sm font-medium\">13 Jan. 2026<\/p>\n\n\n\n<h3 class=\"wp-block-heading text-lg font-semibold text-gray-800 mb-1\">Awareness-raising webinar on the TPS-OIC<\/h3>\n\n\n\n<p class=\"text-gray-600\">Casablanca, Maroc<\/p>\n<\/div>\n<\/div>\n<\/div><\/div>\n\n\n\n<div class=\"wp-block-group p-6 border border-gray-200 rounded-lg\"><div class=\"wp-block-group__inner-container is-layout-constrained wp-block-group-is-layout-constrained\">\n<div class=\"wp-block-group is-nowrap is-layout-flex wp-container-core-group-is-layout-ad2f72ca wp-block-group-is-layout-flex\">\n<pre class=\"wp-block-preformatted has-x-large-font-size\">\ud83c\uddf2\ud83c\udde6<\/pre>\n\n\n\n<div style=\"height:100px;width:0px\" aria-hidden=\"true\" class=\"wp-block-spacer wp-container-content-b0b89ccb\"><\/div>\n\n\n\n<div class=\"wp-block-group is-vertical is-layout-flex wp-container-core-group-is-layout-8cf370e7 wp-block-group-is-layout-flex\">\n<p class=\"bg-primary text-white px-3 py-1 rounded-full text-sm font-medium\">09-10 Feb. 2026<\/p>\n\n\n\n<h3 class=\"wp-block-heading text-lg font-semibold text-gray-800 mb-1\">Regional preparatory workshop for MC14<\/h3>\n\n\n\n<p class=\"text-gray-600\">Casablanca, Maroc<\/p>\n<\/div>\n<\/div>\n<\/div><\/div>\n\n\n\n<div class=\"wp-block-group p-6 border border-gray-200 rounded-lg\"><div class=\"wp-block-group__inner-container is-layout-constrained wp-block-group-is-layout-constrained\">\n<div class=\"wp-block-group is-nowrap is-layout-flex wp-container-core-group-is-layout-ad2f72ca wp-block-group-is-layout-flex\">\n<pre class=\"wp-block-preformatted has-x-large-font-size\">\ud83c\uddf2\ud83c\udde6<\/pre>\n\n\n\n<div style=\"height:100px;width:0px\" aria-hidden=\"true\" class=\"wp-block-spacer wp-container-content-b0b89ccb\"><\/div>\n\n\n\n<div class=\"wp-block-group is-vertical is-layout-flex wp-container-core-group-is-layout-8cf370e7 wp-block-group-is-layout-flex\">\n<p class=\"bg-primary text-white px-3 py-1 rounded-full text-sm font-medium\">31 March 2026<\/p>\n\n\n\n<h3 class=\"wp-block-heading text-lg font-semibold text-gray-800 mb-1\">Online workshop for start-ups and micro-enterprises <\/h3>\n\n\n\n<p class=\"text-gray-600\">Casablanca, Maroc<\/p>\n<\/div>\n\n\n\n<div class=\"wp-block-buttons is-layout-flex wp-block-buttons-is-layout-flex\">\n<div class=\"wp-block-button has-custom-width wp-block-button__width-100\"><a class=\"wp-block-button__link has-background has-small-font-size has-custom-font-size wp-element-button\" href=\"https:\/\/us02web.zoom.us\/meeting\/register\/-qM1jybrTIe68s6usqUDig\" style=\"background-color:#009336\" target=\"_blank\" rel=\"noreferrer noopener\">link<\/a><\/div>\n<\/div>\n<\/div>\n<\/div><\/div>\n\n\n\n<div class=\"wp-block-group p-6 border border-gray-200 rounded-lg\"><div class=\"wp-block-group__inner-container is-layout-constrained wp-block-group-is-layout-constrained\">\n<div class=\"wp-block-group is-nowrap is-layout-flex wp-container-core-group-is-layout-ad2f72ca wp-block-group-is-layout-flex\">\n<pre class=\"wp-block-preformatted has-x-large-font-size\">\ud83c\uddf8\ud83c\uddf3<\/pre>\n\n\n\n<div style=\"height:100px;width:0px\" aria-hidden=\"true\" class=\"wp-block-spacer wp-container-content-b0b89ccb\"><\/div>\n\n\n\n<div class=\"wp-block-group is-vertical is-layout-flex wp-container-core-group-is-layout-8cf370e7 wp-block-group-is-layout-flex\">\n<p class=\"bg-primary text-white px-3 py-1 rounded-full text-sm font-medium\">11-13 June 2026<\/p>\n\n\n\n<h3 class=\"wp-block-heading text-lg font-semibold text-gray-800 mb-1\"><strong>African SME Forum<\/strong><\/h3>\n\n\n\n<p class=\"text-gray-600\">Dakar, Senegal<\/p>\n<\/div>\n<\/div>\n<\/div><\/div>\n\n\n\n<div class=\"wp-block-group p-6 border border-gray-200 rounded-lg\"><div class=\"wp-block-group__inner-container is-layout-constrained wp-block-group-is-layout-constrained\">\n<div class=\"wp-block-group is-nowrap is-layout-flex wp-container-core-group-is-layout-ad2f72ca wp-block-group-is-layout-flex\">\n<pre class=\"wp-block-preformatted has-x-large-font-size\">\ud83c\uddfa\ud83c\uddec<\/pre>\n\n\n\n<div style=\"height:100px;width:0px\" aria-hidden=\"true\" class=\"wp-block-spacer wp-container-content-b0b89ccb\"><\/div>\n\n\n\n<div class=\"wp-block-group is-vertical is-layout-flex wp-container-core-group-is-layout-8cf370e7 wp-block-group-is-layout-flex\">\n<p class=\"bg-primary text-white px-3 py-1 rounded-full text-sm font-medium\">25-27 June 2026<\/p>\n\n\n\n<h3 class=\"wp-block-heading text-lg font-semibold text-gray-800 mb-1\">Utalii Africa Tourism &amp; Investment Expo and Africa Franchise Expo<\/h3>\n\n\n\n<p class=\"text-gray-600\">Kampala, Uganda<\/p>\n<\/div>\n\n\n\n<div class=\"wp-block-buttons is-layout-flex wp-block-buttons-is-layout-flex\"><\/div>\n\n\n\n<div class=\"wp-block-buttons is-layout-flex wp-block-buttons-is-layout-flex\">\n<div class=\"wp-block-button has-custom-width wp-block-button__width-100\"><a class=\"wp-block-button__link has-background has-small-font-size has-custom-font-size wp-element-button\" href=\"https:\/\/africatourismexpo.com\/\" style=\"background-color:#009336\" target=\"_blank\" rel=\"noreferrer noopener\">Site web<\/a><\/div>\n<\/div>\n<\/div>\n<\/div><\/div>\n\n\n\n<div class=\"wp-block-group p-6 border border-gray-200 rounded-lg\"><div class=\"wp-block-group__inner-container is-layout-constrained wp-block-group-is-layout-constrained\">\n<div class=\"wp-block-group is-nowrap is-layout-flex wp-container-core-group-is-layout-ad2f72ca wp-block-group-is-layout-flex\">\n<pre class=\"wp-block-preformatted has-x-large-font-size\">\ud83c\udde8\ud83c\uddee<\/pre>\n\n\n\n<div style=\"height:100px;width:0px\" aria-hidden=\"true\" class=\"wp-block-spacer wp-container-content-b0b89ccb\"><\/div>\n\n\n\n<div class=\"wp-block-group is-vertical is-layout-flex wp-container-core-group-is-layout-8cf370e7 wp-block-group-is-layout-flex\">\n<p class=\"bg-primary text-white px-3 py-1 rounded-full text-sm font-medium\">06-07 July 2026<\/p>\n\n\n\n<h3 class=\"wp-block-heading text-lg font-semibold text-gray-800 mb-1\"><strong>Business Forum Africa and Arab Countries<\/strong><\/h3>\n\n\n\n<p class=\"text-gray-600\">Abidjan, C\u00f4te d&#8217;Ivoire<\/p>\n<\/div>\n<\/div>\n<\/div><\/div>\n\n\n\n<div class=\"wp-block-group p-6 border border-gray-200 rounded-lg\"><div class=\"wp-block-group__inner-container is-layout-constrained wp-block-group-is-layout-constrained\">\n<div class=\"wp-block-group is-nowrap is-layout-flex wp-container-core-group-is-layout-ad2f72ca wp-block-group-is-layout-flex\">\n<pre class=\"wp-block-preformatted has-x-large-font-size\">\ud83c\uddf9\ud83c\uddf7<\/pre>\n\n\n\n<div style=\"height:100px;width:0px\" aria-hidden=\"true\" class=\"wp-block-spacer wp-container-content-b0b89ccb\"><\/div>\n\n\n\n<div class=\"wp-block-group is-vertical is-layout-flex wp-container-core-group-is-layout-8cf370e7 wp-block-group-is-layout-flex\">\n<p class=\"bg-primary text-white px-3 py-1 rounded-full text-sm font-medium\">26-29 Nov. 2026<\/p>\n\n\n\n<h3 class=\"wp-block-heading text-lg font-semibold text-gray-800 mb-1\">11th OIC Halal Products Exhibition<\/h3>\n\n\n\n<div class=\"wp-block-buttons is-layout-flex wp-block-buttons-is-layout-flex\">\n<div class=\"wp-block-button has-custom-width wp-block-button__width-100\"><a class=\"wp-block-button__link has-background has-small-font-size has-custom-font-size wp-element-button\" href=\"https:\/\/www.worldhalalsummit.com.tr\/en\/home\/\" style=\"background-color:#009336\" target=\"_blank\" rel=\"noreferrer noopener\">Site web<\/a><\/div>\n<\/div>\n\n\n\n<p class=\"text-gray-600\">Istanbul, T\u00fcrkiye<\/p>\n<\/div>\n<\/div>\n<\/div><\/div>\n\n\n\n<div class=\"wp-block-group p-6 border border-gray-200 rounded-lg\"><div class=\"wp-block-group__inner-container is-layout-constrained wp-block-group-is-layout-constrained\">\n<div class=\"wp-block-group is-nowrap is-layout-flex wp-container-core-group-is-layout-ad2f72ca wp-block-group-is-layout-flex\">\n<pre class=\"wp-block-preformatted has-x-large-font-size\">\ud83c\uddf2\ud83c\uddf1<\/pre>\n\n\n\n<div style=\"height:100px;width:0px\" aria-hidden=\"true\" class=\"wp-block-spacer wp-container-content-b0b89ccb\"><\/div>\n\n\n\n<div class=\"wp-block-group is-vertical is-layout-flex wp-container-core-group-is-layout-8cf370e7 wp-block-group-is-layout-flex\">\n<p class=\"bg-primary text-white px-3 py-1 rounded-full text-sm font-medium\">25-27 Oct. 2026<\/p>\n\n\n\n<h3 class=\"wp-block-heading text-lg font-semibold text-gray-800 mb-1\"><strong>OIC Investment Forum in Africa<\/strong> (to be confirmed)<\/h3>\n\n\n\n<p class=\"text-gray-600\">Bamako, Mali<\/p>\n<\/div>\n<\/div>\n<\/div><\/div>\n\n\n\n<div class=\"wp-block-group p-6 border border-gray-200 rounded-lg\"><div class=\"wp-block-group__inner-container is-layout-constrained wp-block-group-is-layout-constrained\">\n<div class=\"wp-block-group is-nowrap is-layout-flex wp-container-core-group-is-layout-ad2f72ca wp-block-group-is-layout-flex\">\n<p class=\"has-x-large-font-size\">\ud83c\udde7\ud83c\uddef<\/p>\n\n\n\n<div style=\"height:100px;width:0px\" aria-hidden=\"true\" class=\"wp-block-spacer wp-container-content-b0b89ccb\"><\/div>\n\n\n\n<div class=\"wp-block-group is-vertical is-layout-flex wp-container-core-group-is-layout-8cf370e7 wp-block-group-is-layout-flex\">\n<p class=\"bg-primary text-white px-3 py-1 rounded-full text-sm font-medium\">2026<\/p>\n\n\n\n<h3 class=\"wp-block-heading text-lg font-semibold text-gray-800 mb-1\">Journ\u00e9es d'investissement du CIDC<\/h3>\n\n\n\n<p class=\"text-gray-600\">Cotonou \u2013 Benin<\/p>\n<\/div>\n<\/div>\n<\/div><\/div>\n\n\n\n<div class=\"wp-block-group p-6 border border-gray-200 rounded-lg\"><div class=\"wp-block-group__inner-container is-layout-constrained wp-block-group-is-layout-constrained\">\n<div class=\"wp-block-group is-nowrap is-layout-flex wp-container-core-group-is-layout-ad2f72ca wp-block-group-is-layout-flex\">\n<p class=\"has-x-large-font-size\">\ud83c\uddf2\ud83c\uddff<\/p>\n\n\n\n<div style=\"height:100px;width:0px\" aria-hidden=\"true\" class=\"wp-block-spacer wp-container-content-b0b89ccb\"><\/div>\n\n\n\n<div class=\"wp-block-group is-vertical is-layout-flex wp-container-core-group-is-layout-8cf370e7 wp-block-group-is-layout-flex\">\n<p class=\"bg-primary text-white px-3 py-1 rounded-full text-sm font-medium\">2026<\/p>\n\n\n\n<h3 class=\"wp-block-heading text-lg font-semibold text-gray-800 mb-1\">Journ\u00e9es d'investissement du CIDC<\/h3>\n\n\n\n<p class=\"text-gray-600\">Maputo \u2013 Mozambique<\/p>\n<\/div>\n<\/div>\n<\/div><\/div>\n\n\n\n<div class=\"wp-block-group p-6 border border-gray-200 rounded-lg\"><div class=\"wp-block-group__inner-container is-layout-constrained wp-block-group-is-layout-constrained\">\n<div class=\"wp-block-group is-nowrap is-layout-flex wp-container-core-group-is-layout-ad2f72ca wp-block-group-is-layout-flex\">\n<p class=\"has-x-large-font-size\">\ud83c\uddf3\ud83c\uddea<\/p>\n\n\n\n<div style=\"height:100px;width:0px\" aria-hidden=\"true\" class=\"wp-block-spacer wp-container-content-b0b89ccb\"><\/div>\n\n\n\n<div class=\"wp-block-group is-vertical is-layout-flex wp-container-core-group-is-layout-8cf370e7 wp-block-group-is-layout-flex\">\n<p class=\"bg-primary text-white px-3 py-1 rounded-full text-sm font-medium\">2026<\/p>\n\n\n\n<h3 class=\"wp-block-heading text-lg font-semibold text-gray-800 mb-1\">Journ\u00e9es d'investissement du CIDC<\/h3>\n\n\n\n<p class=\"text-gray-600\">Niamey \u2013 Niger<\/p>\n<\/div>\n<\/div>\n<\/div><\/div>\n\n\n\n<div class=\"wp-block-group p-6 border border-gray-200 rounded-lg\"><div class=\"wp-block-group__inner-container is-layout-constrained wp-block-group-is-layout-constrained\">\n<div class=\"wp-block-group is-nowrap is-layout-flex wp-container-core-group-is-layout-ad2f72ca wp-block-group-is-layout-flex\">\n<p class=\"has-x-large-font-size\">\ud83c\udde8\ud83c\uddee<\/p>\n\n\n\n<div style=\"height:100px;width:0px\" aria-hidden=\"true\" class=\"wp-block-spacer wp-container-content-b0b89ccb\"><\/div>\n\n\n\n<div class=\"wp-block-group is-vertical is-layout-flex wp-container-core-group-is-layout-8cf370e7 wp-block-group-is-layout-flex\">\n<p class=\"bg-primary text-white px-3 py-1 rounded-full text-sm font-medium\">2026<\/p>\n\n\n\n<h3 class=\"wp-block-heading text-lg font-semibold text-gray-800 mb-1\">Journ\u00e9es d'investissement du CIDC<\/h3>\n\n\n\n<p class=\"text-gray-600\">Abidjan \u2013 C\u00f4te d\u2019Ivoire<\/p>\n<\/div>\n<\/div>\n<\/div><\/div>\n\n\n\n<div class=\"wp-block-group p-6 border border-gray-200 rounded-lg\"><div class=\"wp-block-group__inner-container is-layout-constrained wp-block-group-is-layout-constrained\">\n<div class=\"wp-block-group is-nowrap is-layout-flex wp-container-core-group-is-layout-ad2f72ca wp-block-group-is-layout-flex\">\n<p class=\"has-x-large-font-size\">\ud83c\uddf9\ud83c\udde9<\/p>\n\n\n\n<div style=\"height:100px;width:0px\" aria-hidden=\"true\" class=\"wp-block-spacer wp-container-content-b0b89ccb\"><\/div>\n\n\n\n<div class=\"wp-block-group is-vertical is-layout-flex wp-container-core-group-is-layout-8cf370e7 wp-block-group-is-layout-flex\">\n<p class=\"bg-primary text-white px-3 py-1 rounded-full text-sm font-medium\">2026<\/p>\n\n\n\n<h3 class=\"wp-block-heading text-lg font-semibold text-gray-800 mb-1\">Journ\u00e9es d'investissement du CIDC<\/h3>\n\n\n\n<p class=\"text-gray-600\">N\u2019Djamena \u2013 Tchad<\/p>\n<\/div>\n<\/div>\n<\/div><\/div>\n\n\n\n<div class=\"wp-block-group p-6 border border-gray-200 rounded-lg\"><div class=\"wp-block-group__inner-container is-layout-constrained wp-block-group-is-layout-constrained\">\n<div class=\"wp-block-group is-nowrap is-layout-flex wp-container-core-group-is-layout-ad2f72ca wp-block-group-is-layout-flex\">\n<p class=\"has-x-large-font-size\">\ud83c\uddec\ud83c\uddf3<\/p>\n\n\n\n<div style=\"height:100px;width:0px\" aria-hidden=\"true\" class=\"wp-block-spacer wp-container-content-b0b89ccb\"><\/div>\n\n\n\n<div class=\"wp-block-group is-vertical is-layout-flex wp-container-core-group-is-layout-8cf370e7 wp-block-group-is-layout-flex\">\n<p class=\"bg-primary text-white px-3 py-1 rounded-full text-sm font-medium\">2026<\/p>\n\n\n\n<h3 class=\"wp-block-heading text-lg font-semibold text-gray-800 mb-1\">Journ\u00e9es d'investissement du CIDC<\/h3>\n\n\n\n<p class=\"text-gray-600\">Conakry \u2013 Guin\u00e9e<\/p>\n<\/div>\n<\/div>\n<\/div><\/div>\n<\/div>","protected":false},"excerpt":{"rendered":"<p>Nous visons \u00e0 rassembler les op\u00e9rateurs \u00e9conomiques des pays de l'OCI pour promouvoir leurs produits et services et \u00e9tablir des relations de partenariat.<\/p>","protected":false},"author":49,"featured_media":0,"parent":239078,"menu_order":2,"comment_status":"closed","ping_status":"closed","template":"","meta":{"footnotes":""},"class_list":["post-242301","page","type-page","status-publish","hentry"],"_links":{"self":[{"href":"https:\/\/icdt-cidc.org\/fr\/wp-json\/wp\/v2\/pages\/242301","targetHints":{"allow":["GET"]}}],"collection":[{"href":"https:\/\/icdt-cidc.org\/fr\/wp-json\/wp\/v2\/pages"}],"about":[{"href":"https:\/\/icdt-cidc.org\/fr\/wp-json\/wp\/v2\/types\/page"}],"author":[{"embeddable":true,"href":"https:\/\/icdt-cidc.org\/fr\/wp-json\/wp\/v2\/users\/49"}],"replies":[{"embeddable":true,"href":"https:\/\/icdt-cidc.org\/fr\/wp-json\/wp\/v2\/comments?post=242301"}],"version-history":[{"count":0,"href":"https:\/\/icdt-cidc.org\/fr\/wp-json\/wp\/v2\/pages\/242301\/revisions"}],"up":[{"embeddable":true,"href":"https:\/\/icdt-cidc.org\/fr\/wp-json\/wp\/v2\/pages\/239078"}],"wp:attachment":[{"href":"https:\/\/icdt-cidc.org\/fr\/wp-json\/wp\/v2\/media?parent=242301"}],"curies":[{"name":"wp","href":"https:\/\/api.w.org\/{rel}","templated":true}]}}